{"id":177,"date":"2022-03-03T10:32:03","date_gmt":"2022-03-03T10:32:03","guid":{"rendered":"http:\/\/www.interorman.com.tr\/?page_id=177"},"modified":"2022-03-03T10:44:26","modified_gmt":"2022-03-03T10:44:26","slug":"kisisel-verilerin-korunmasi-kanunu","status":"publish","type":"page","link":"http:\/\/www.interorman.com.tr\/en\/kisisel-verilerin-korunmasi-kanunu\/","title":{"rendered":"Personal Data Protection Law"},"content":{"rendered":"<h3>AYDINLATMA MET\u0130NLER\u0130<\/h3>\n\n\n\n<div class=\"wp-block-file\"><a id=\"wp-block-file--media-ecb56e44-25dd-41b5-9d7a-0108c19a2b22\" href=\"http:\/\/www.interorman.com.tr\/wp-content\/uploads\/2022\/03\/STAJYER.pdf\">STAJYER<\/a><\/div>\n\n\n\n<div class=\"wp-block-file\"><a id=\"wp-block-file--media-a458cf74-002b-4913-b552-6115dbf7bb66\" href=\"http:\/\/www.interorman.com.tr\/wp-content\/uploads\/2022\/03\/STAJYER-ADAYI.pdf\">STAJYER-ADAYI<\/a><\/div>\n\n\n\n<div class=\"wp-block-file\"><a id=\"wp-block-file--media-43af0639-b559-42c3-8f7f-30627c413271\" href=\"http:\/\/www.interorman.com.tr\/wp-content\/uploads\/2022\/03\/GERC\u0327EK-KI\u0307S\u0327I\u0307-MU\u0308S\u0327TERI\u0307.pdf\">GERC\u0327EK-KI\u0307S\u0327I\u0307-MU\u0308S\u0327TERI\u0307<\/a><\/div>\n\n\n\n<div class=\"wp-block-file\"><a id=\"wp-block-file--media-7e4a7ccc-d37c-4bd2-80c7-58eed0461298\" href=\"http:\/\/www.interorman.com.tr\/wp-content\/uploads\/2022\/03\/GERC\u0327EK-KI\u0307S\u0327I\u0307-MU\u0308S\u0327TERI\u0307-ADAYI.pdf\">GERC\u0327EK-KI\u0307S\u0327I\u0307-MU\u0308S\u0327TERI\u0307-ADAYI<\/a><\/div>\n\n\n\n<div class=\"wp-block-file\"><a id=\"wp-block-file--media-3a2d3c3c-f692-44ed-bfd7-f4ee234b9049\" href=\"http:\/\/www.interorman.com.tr\/wp-content\/uploads\/2022\/03\/GERC\u0327EK-KI\u0307S\u0327I\u0307-MAL-VEYA-HI\u0307ZMET-TEDARI\u0307KC\u0327I\u0307SI\u0307.pdf\">GERC\u0327EK-KI\u0307S\u0327I\u0307-MAL-VEYA-HI\u0307ZMET-TEDARI\u0307KC\u0327I\u0307SI\u0307<\/a><\/div>\n\n\n\n<div class=\"wp-block-file\"><a id=\"wp-block-file--media-4ce9fd57-e24c-4f8c-be95-f95a7e68b3fd\" href=\"http:\/\/www.interorman.com.tr\/wp-content\/uploads\/2022\/03\/GERC\u0327EK-KI\u0307S\u0327I\u0307-MAL-VEYA-HI\u0307ZMET-TEDARI\u0307KC\u0327I\u0307SI\u0307-ADAYI.pdf\">GERC\u0327EK-KI\u0307S\u0327I\u0307-MAL-VEYA-HI\u0307ZMET-TEDARI\u0307KC\u0327I\u0307SI\u0307-ADAYI<\/a><\/div>\n\n\n\n<div class=\"wp-block-file\"><a id=\"wp-block-file--media-b6143da7-f957-4f06-8a58-68248601c4f2\" href=\"http:\/\/www.interorman.com.tr\/wp-content\/uploads\/2022\/03\/TU\u0308ZEL-KI\u0307S\u0327I\u0307-MU\u0308S\u0327TERI\u0307LERDE-ve-TEDARI\u0307KC\u0327I\u0307LERDE-GERC\u0327EK-KI\u0307S\u0327I\u0307-TEMSI\u0307LCI\u0307.pdf\">TU\u0308ZEL-KI\u0307S\u0327I\u0307-MU\u0308S\u0327TERI\u0307LERDE-ve-TEDARI\u0307KC\u0327I\u0307LERDE-GERC\u0327EK-KI\u0307S\u0327I\u0307-TEMSI\u0307LCI\u0307<\/a><\/div>\n\n\n\n<div class=\"wp-block-file\"><a id=\"wp-block-file--media-d098211e-56c5-492f-84b8-8c71410f8400\" href=\"http:\/\/www.interorman.com.tr\/wp-content\/uploads\/2022\/03\/ZI\u0307YARETC\u0327I\u0307.pdf\">ZI\u0307YARETC\u0327I\u0307<\/a><\/div>\n\n\n\n<h3>BA\u015eVURU FORMU<\/h3>\n\n\n\n<div class=\"wp-block-file\"><a id=\"wp-block-file--media-6b89ff68-c95f-4031-b83e-59b1080c9af0\" href=\"http:\/\/www.interorman.com.tr\/wp-content\/uploads\/2022\/03\/VERI\u0307-SORUMLUSUNA-BAS\u0327VURU-FORMU.pdf\">VERI\u0307-SORUMLUSUNA-BAS\u0327VURU-FORMU<\/a><\/div>\n\n\n\n<h3>\u0130MHA POL\u0130T\u0130KASI<\/h3>\n\n\n\n<div class=\"wp-block-file\"><a id=\"wp-block-file--media-ff560cd7-b02d-4951-9215-f56b8b660770\" href=\"http:\/\/www.interorman.com.tr\/wp-content\/uploads\/2022\/03\/KI\u0307S\u0327I\u0307SEL-VERI\u0307LERI\u0307-SAKLAMA-ve-I\u0307MHA-POLI\u0307TI\u0307KASI-I\u0307NTER-ORMAN-U\u0308RU\u0308NLERI\u0307.pdf\">KI\u0307S\u0327I\u0307SEL-VERI\u0307LERI\u0307-SAKLAMA-ve-I\u0307MHA-POLI\u0307TI\u0307KASI-I\u0307NTER-ORMAN-U\u0308RU\u0308NLERI\u0307<\/a><\/div>\n\n\n\n<p><\/p>","protected":false},"excerpt":{"rendered":"<p>AYDINLATMA MET\u0130NLER\u0130 BA\u015eVURU FORMU \u0130MHA POL\u0130T\u0130KASI<\/p>","protected":false},"author":1,"featured_media":0,"parent":0,"menu_order":2,"comment_status":"closed","ping_status":"closed","template":"","meta":[],"_links":{"self":[{"href":"http:\/\/www.interorman.com.tr\/en\/wp-json\/wp\/v2\/pages\/177"}],"collection":[{"href":"http:\/\/www.interorman.com.tr\/en\/wp-json\/wp\/v2\/pages"}],"about":[{"href":"http:\/\/www.interorman.com.tr\/en\/wp-json\/wp\/v2\/types\/page"}],"author":[{"embeddable":true,"href":"http:\/\/www.interorman.com.tr\/en\/wp-json\/wp\/v2\/users\/1"}],"replies":[{"embeddable":true,"href":"http:\/\/www.interorman.com.tr\/en\/wp-json\/wp\/v2\/comments?post=177"}],"version-history":[{"count":3,"href":"http:\/\/www.interorman.com.tr\/en\/wp-json\/wp\/v2\/pages\/177\/revisions"}],"predecessor-version":[{"id":195,"href":"http:\/\/www.interorman.com.tr\/en\/wp-json\/wp\/v2\/pages\/177\/revisions\/195"}],"wp:attachment":[{"href":"http:\/\/www.interorman.com.tr\/en\/wp-json\/wp\/v2\/media?parent=177"}],"curies":[{"name":"wp","href":"https:\/\/api.w.org\/{rel}","templated":true}]}}