{"id":300,"date":"2022-03-03T22:08:15","date_gmt":"2022-03-03T22:08:15","guid":{"rendered":"http:\/\/www.interorman.com.tr\/?page_id=300"},"modified":"2022-03-04T01:32:28","modified_gmt":"2022-03-04T01:32:28","slug":"tutsulu-kaplamalar","status":"publish","type":"page","link":"http:\/\/www.interorman.com.tr\/en\/tutsulu-kaplamalar\/","title":{"rendered":"T\u00fcts\u00fcl\u00fc Kaplamalar"},"content":{"rendered":"<figure class=\"wp-block-gallery has-nested-images columns-5 is-cropped\">\n<figure class=\"wp-block-image size-large\"><img loading=\"lazy\" width=\"360\" height=\"360\" data-id=\"985\"  src=\"http:\/\/www.interorman.com.tr\/wp-content\/uploads\/2022\/03\/AVRUPA-DANTELLI\u0307-AHS\u0327AP.jpeg\" alt=\"\" class=\"wp-image-985\" srcset=\"http:\/\/www.interorman.com.tr\/wp-content\/uploads\/2022\/03\/AVRUPA-DANTELLI\u0307-AHS\u0327AP.jpeg 360w, http:\/\/www.interorman.com.tr\/wp-content\/uploads\/2022\/03\/AVRUPA-DANTELLI\u0307-AHS\u0327AP-300x300.jpeg 300w, http:\/\/www.interorman.com.tr\/wp-content\/uploads\/2022\/03\/AVRUPA-DANTELLI\u0307-AHS\u0327AP-150x150.jpeg 150w, http:\/\/www.interorman.com.tr\/wp-content\/uploads\/2022\/03\/AVRUPA-DANTELLI\u0307-AHS\u0327AP-12x12.jpeg 12w\" sizes=\"(max-width: 360px) 100vw, 360px\" \/><\/figure>\n\n\n\n<figure class=\"wp-block-image size-large\"><img loading=\"lazy\" width=\"360\" height=\"360\" data-id=\"989\"  src=\"http:\/\/www.interorman.com.tr\/wp-content\/uploads\/2022\/03\/AVRUPA-DANTELLI\u0307-AHS\u0327AP1.jpeg\" alt=\"\" class=\"wp-image-989\" srcset=\"http:\/\/www.interorman.com.tr\/wp-content\/uploads\/2022\/03\/AVRUPA-DANTELLI\u0307-AHS\u0327AP1.jpeg 360w, http:\/\/www.interorman.com.tr\/wp-content\/uploads\/2022\/03\/AVRUPA-DANTELLI\u0307-AHS\u0327AP1-300x300.jpeg 300w, http:\/\/www.interorman.com.tr\/wp-content\/uploads\/2022\/03\/AVRUPA-DANTELLI\u0307-AHS\u0327AP1-150x150.jpeg 150w, http:\/\/www.interorman.com.tr\/wp-content\/uploads\/2022\/03\/AVRUPA-DANTELLI\u0307-AHS\u0327AP1-12x12.jpeg 12w\" sizes=\"(max-width: 360px) 100vw, 360px\" \/><\/figure>\n\n\n\n<figure class=\"wp-block-image size-large\"><img loading=\"lazy\" width=\"569\" height=\"150\" data-id=\"988\"  src=\"http:\/\/www.interorman.com.tr\/wp-content\/uploads\/2022\/03\/AVRUPA-FU\u0308ME-MES\u0327E.jpeg\" alt=\"\" class=\"wp-image-988\" srcset=\"http:\/\/www.interorman.com.tr\/wp-content\/uploads\/2022\/03\/AVRUPA-FU\u0308ME-MES\u0327E.jpeg 569w, http:\/\/www.interorman.com.tr\/wp-content\/uploads\/2022\/03\/AVRUPA-FU\u0308ME-MES\u0327E-300x79.jpeg 300w, http:\/\/www.interorman.com.tr\/wp-content\/uploads\/2022\/03\/AVRUPA-FU\u0308ME-MES\u0327E-18x5.jpeg 18w\" sizes=\"(max-width: 569px) 100vw, 569px\" \/><\/figure>\n\n\n\n<figure class=\"wp-block-image size-large\"><img loading=\"lazy\" width=\"480\" height=\"344\" data-id=\"986\"  src=\"http:\/\/www.interorman.com.tr\/wp-content\/uploads\/2022\/03\/AVRUPA-FU\u0308ME-MES\u0327E1-1.jpeg\" alt=\"\" class=\"wp-image-986\" srcset=\"http:\/\/www.interorman.com.tr\/wp-content\/uploads\/2022\/03\/AVRUPA-FU\u0308ME-MES\u0327E1-1.jpeg 480w, http:\/\/www.interorman.com.tr\/wp-content\/uploads\/2022\/03\/AVRUPA-FU\u0308ME-MES\u0327E1-1-300x215.jpeg 300w, http:\/\/www.interorman.com.tr\/wp-content\/uploads\/2022\/03\/AVRUPA-FU\u0308ME-MES\u0327E1-1-18x12.jpeg 18w\" sizes=\"(max-width: 480px) 100vw, 480px\" \/><\/figure>\n\n\n\n<figure class=\"wp-block-image size-large\"><img loading=\"lazy\" width=\"360\" height=\"360\" data-id=\"990\"  src=\"http:\/\/www.interorman.com.tr\/wp-content\/uploads\/2022\/03\/FI\u0307GU\u0308RLU\u0308-OKALI\u0307PTU\u0308S.jpeg\" alt=\"\" class=\"wp-image-990\" srcset=\"http:\/\/www.interorman.com.tr\/wp-content\/uploads\/2022\/03\/FI\u0307GU\u0308RLU\u0308-OKALI\u0307PTU\u0308S.jpeg 360w, http:\/\/www.interorman.com.tr\/wp-content\/uploads\/2022\/03\/FI\u0307GU\u0308RLU\u0308-OKALI\u0307PTU\u0308S-300x300.jpeg 300w, http:\/\/www.interorman.com.tr\/wp-content\/uploads\/2022\/03\/FI\u0307GU\u0308RLU\u0308-OKALI\u0307PTU\u0308S-150x150.jpeg 150w, http:\/\/www.interorman.com.tr\/wp-content\/uploads\/2022\/03\/FI\u0307GU\u0308RLU\u0308-OKALI\u0307PTU\u0308S-12x12.jpeg 12w\" sizes=\"(max-width: 360px) 100vw, 360px\" \/><\/figure>\n\n\n\n<figure class=\"wp-block-image size-large\"><img loading=\"lazy\" width=\"436\" height=\"360\" data-id=\"987\"  src=\"http:\/\/www.interorman.com.tr\/wp-content\/uploads\/2022\/03\/FU\u0308ME-KARAC\u0327AM-1.jpeg\" alt=\"\" class=\"wp-image-987\" srcset=\"http:\/\/www.interorman.com.tr\/wp-content\/uploads\/2022\/03\/FU\u0308ME-KARAC\u0327AM-1.jpeg 436w, http:\/\/www.interorman.com.tr\/wp-content\/uploads\/2022\/03\/FU\u0308ME-KARAC\u0327AM-1-300x248.jpeg 300w, http:\/\/www.interorman.com.tr\/wp-content\/uploads\/2022\/03\/FU\u0308ME-KARAC\u0327AM-1-15x12.jpeg 15w\" sizes=\"(max-width: 436px) 100vw, 436px\" \/><\/figure>\n\n\n\n<figure class=\"wp-block-image size-large\"><img loading=\"lazy\" width=\"480\" height=\"317\" data-id=\"991\"  src=\"http:\/\/www.interorman.com.tr\/wp-content\/uploads\/2022\/03\/FU\u0308ME-OKALI\u0307PTU\u0308S.jpeg\" alt=\"\" class=\"wp-image-991\" srcset=\"http:\/\/www.interorman.com.tr\/wp-content\/uploads\/2022\/03\/FU\u0308ME-OKALI\u0307PTU\u0308S.jpeg 480w, http:\/\/www.interorman.com.tr\/wp-content\/uploads\/2022\/03\/FU\u0308ME-OKALI\u0307PTU\u0308S-300x198.jpeg 300w, http:\/\/www.interorman.com.tr\/wp-content\/uploads\/2022\/03\/FU\u0308ME-OKALI\u0307PTU\u0308S-18x12.jpeg 18w\" sizes=\"(max-width: 480px) 100vw, 480px\" \/><\/figure>\n\n\n\n<figure class=\"wp-block-image size-large\"><img loading=\"lazy\" width=\"360\" height=\"360\" data-id=\"993\"  src=\"http:\/\/www.interorman.com.tr\/wp-content\/uploads\/2022\/03\/LALE-AG\u0306ACI-1.jpeg\" alt=\"\" class=\"wp-image-993\" srcset=\"http:\/\/www.interorman.com.tr\/wp-content\/uploads\/2022\/03\/LALE-AG\u0306ACI-1.jpeg 360w, http:\/\/www.interorman.com.tr\/wp-content\/uploads\/2022\/03\/LALE-AG\u0306ACI-1-300x300.jpeg 300w, http:\/\/www.interorman.com.tr\/wp-content\/uploads\/2022\/03\/LALE-AG\u0306ACI-1-150x150.jpeg 150w, http:\/\/www.interorman.com.tr\/wp-content\/uploads\/2022\/03\/LALE-AG\u0306ACI-1-12x12.jpeg 12w\" sizes=\"(max-width: 360px) 100vw, 360px\" \/><\/figure>\n\n\n\n<figure class=\"wp-block-image size-large\"><img loading=\"lazy\" width=\"360\" height=\"360\" data-id=\"992\"  src=\"http:\/\/www.interorman.com.tr\/wp-content\/uploads\/2022\/03\/MES\u0327E-YONGA-S\u0327ERI\u0307T.jpeg\" alt=\"\" class=\"wp-image-992\" srcset=\"http:\/\/www.interorman.com.tr\/wp-content\/uploads\/2022\/03\/MES\u0327E-YONGA-S\u0327ERI\u0307T.jpeg 360w, http:\/\/www.interorman.com.tr\/wp-content\/uploads\/2022\/03\/MES\u0327E-YONGA-S\u0327ERI\u0307T-300x300.jpeg 300w, http:\/\/www.interorman.com.tr\/wp-content\/uploads\/2022\/03\/MES\u0327E-YONGA-S\u0327ERI\u0307T-150x150.jpeg 150w, http:\/\/www.interorman.com.tr\/wp-content\/uploads\/2022\/03\/MES\u0327E-YONGA-S\u0327ERI\u0307T-12x12.jpeg 12w\" sizes=\"(max-width: 360px) 100vw, 360px\" \/><\/figure>\n\n\n\n<figure class=\"wp-block-image size-large\"><img loading=\"lazy\" width=\"360\" height=\"360\" data-id=\"995\"  src=\"http:\/\/www.interorman.com.tr\/wp-content\/uploads\/2022\/03\/OKALI\u0307PTU\u0308S-POMMELE-1.jpeg\" alt=\"\" class=\"wp-image-995\" srcset=\"http:\/\/www.interorman.com.tr\/wp-content\/uploads\/2022\/03\/OKALI\u0307PTU\u0308S-POMMELE-1.jpeg 360w, http:\/\/www.interorman.com.tr\/wp-content\/uploads\/2022\/03\/OKALI\u0307PTU\u0308S-POMMELE-1-300x300.jpeg 300w, http:\/\/www.interorman.com.tr\/wp-content\/uploads\/2022\/03\/OKALI\u0307PTU\u0308S-POMMELE-1-150x150.jpeg 150w, http:\/\/www.interorman.com.tr\/wp-content\/uploads\/2022\/03\/OKALI\u0307PTU\u0308S-POMMELE-1-12x12.jpeg 12w\" sizes=\"(max-width: 360px) 100vw, 360px\" \/><\/figure>\n\n\n\n<figure class=\"wp-block-image size-large\"><img loading=\"lazy\" width=\"283\" height=\"360\" data-id=\"994\"  src=\"http:\/\/www.interorman.com.tr\/wp-content\/uploads\/2022\/03\/OKALI\u0307PTU\u0308S-6.jpeg\" alt=\"\" class=\"wp-image-994\" srcset=\"http:\/\/www.interorman.com.tr\/wp-content\/uploads\/2022\/03\/OKALI\u0307PTU\u0308S-6.jpeg 283w, http:\/\/www.interorman.com.tr\/wp-content\/uploads\/2022\/03\/OKALI\u0307PTU\u0308S-6-236x300.jpeg 236w, http:\/\/www.interorman.com.tr\/wp-content\/uploads\/2022\/03\/OKALI\u0307PTU\u0308S-6-9x12.jpeg 9w\" sizes=\"(max-width: 283px) 100vw, 283px\" \/><\/figure>\n\n\n\n<figure class=\"wp-block-image size-large\"><img loading=\"lazy\" width=\"302\" height=\"360\" data-id=\"996\"  src=\"http:\/\/www.interorman.com.tr\/wp-content\/uploads\/2022\/03\/OKALI\u0307PTU\u0308S1.jpeg\" alt=\"\" class=\"wp-image-996\" srcset=\"http:\/\/www.interorman.com.tr\/wp-content\/uploads\/2022\/03\/OKALI\u0307PTU\u0308S1.jpeg 302w, http:\/\/www.interorman.com.tr\/wp-content\/uploads\/2022\/03\/OKALI\u0307PTU\u0308S1-252x300.jpeg 252w, http:\/\/www.interorman.com.tr\/wp-content\/uploads\/2022\/03\/OKALI\u0307PTU\u0308S1-10x12.jpeg 10w\" sizes=\"(max-width: 302px) 100vw, 302px\" \/><\/figure>\n\n\n\n<figure class=\"wp-block-image size-large\"><img loading=\"lazy\" width=\"288\" height=\"360\" data-id=\"997\"  src=\"http:\/\/www.interorman.com.tr\/wp-content\/uploads\/2022\/03\/OKALI\u0307PTU\u0308S2.jpeg\" alt=\"\" class=\"wp-image-997\" srcset=\"http:\/\/www.interorman.com.tr\/wp-content\/uploads\/2022\/03\/OKALI\u0307PTU\u0308S2.jpeg 288w, http:\/\/www.interorman.com.tr\/wp-content\/uploads\/2022\/03\/OKALI\u0307PTU\u0308S2-240x300.jpeg 240w, http:\/\/www.interorman.com.tr\/wp-content\/uploads\/2022\/03\/OKALI\u0307PTU\u0308S2-10x12.jpeg 10w\" sizes=\"(max-width: 288px) 100vw, 288px\" \/><\/figure>\n<\/figure>","protected":false},"excerpt":{"rendered":"","protected":false},"author":1,"featured_media":0,"parent":0,"menu_order":0,"comment_status":"closed","ping_status":"closed","template":"page-templates\/template-fullwidth.php","meta":[],"_links":{"self":[{"href":"http:\/\/www.interorman.com.tr\/en\/wp-json\/wp\/v2\/pages\/300"}],"collection":[{"href":"http:\/\/www.interorman.com.tr\/en\/wp-json\/wp\/v2\/pages"}],"about":[{"href":"http:\/\/www.interorman.com.tr\/en\/wp-json\/wp\/v2\/types\/page"}],"author":[{"embeddable":true,"href":"http:\/\/www.interorman.com.tr\/en\/wp-json\/wp\/v2\/users\/1"}],"replies":[{"embeddable":true,"href":"http:\/\/www.interorman.com.tr\/en\/wp-json\/wp\/v2\/comments?post=300"}],"version-history":[{"count":3,"href":"http:\/\/www.interorman.com.tr\/en\/wp-json\/wp\/v2\/pages\/300\/revisions"}],"predecessor-version":[{"id":999,"href":"http:\/\/www.interorman.com.tr\/en\/wp-json\/wp\/v2\/pages\/300\/revisions\/999"}],"wp:attachment":[{"href":"http:\/\/www.interorman.com.tr\/en\/wp-json\/wp\/v2\/media?parent=300"}],"curies":[{"name":"wp","href":"https:\/\/api.w.org\/{rel}","templated":true}]}}