{"id":68,"date":"2022-03-02T23:35:53","date_gmt":"2022-03-02T23:35:53","guid":{"rendered":"http:\/\/www.interorman.com.tr\/?page_id=68"},"modified":"2022-03-04T01:52:36","modified_gmt":"2022-03-04T01:52:36","slug":"iletisim","status":"publish","type":"page","link":"http:\/\/www.interorman.com.tr\/en\/iletisim\/","title":{"rendered":"Contact"},"content":{"rendered":"<div class=\"wp-block-columns are-vertically-aligned-center is-not-stacked-on-mobile container\">\n<div class=\"wp-block-column is-vertically-aligned-center\">\n<div class=\"wp-block-columns\">\n<div class=\"wp-block-column\" style=\"flex-basis:50%\">\n<h4 class=\"has-text-align-left hestia-title has-text-color has-medium-font-size\" style=\"color:#3c4858\"><strong>Adress<\/strong><\/h4>\n\n\n\n<p style=\"font-size:17px\">Orhanl\u0131 Mahallesi, \u0130rfan Caddesi No:14 Tuzla, \u0130stanbul, TR<\/p>\n\n\n\n<h4 class=\"has-text-align-left hestia-title has-text-color has-medium-font-size\" style=\"color:#3c4858\"><strong><strong>Telephone<\/strong><\/strong><\/h4>\n\n\n\n<p style=\"font-size:17px\">+90 216 394 51 02 (Pbx)<\/p>\n\n\n\n<h4 class=\"has-text-align-left hestia-title has-text-color has-medium-font-size\" style=\"color:#3c4858\"><strong><strong>Fax<\/strong><\/strong><\/h4>\n\n\n\n<p style=\"font-size:17px\">+90 216 394 51 07<\/p>\n\n\n\n<h4 class=\"has-text-align-left hestia-title has-text-color has-medium-font-size\" style=\"color:#3c4858\"><strong><strong>E-Mail<\/strong><\/strong><\/h4>\n\n\n\n<p style=\"font-size:17px\">info@interorman.com.tr<\/p>\n\n\n\n<p style=\"font-size:17px\">sales@interorman.com.tr<\/p>\n<\/div>\n\n\n\n<div class=\"wp-block-column is-vertically-aligned-center\">\n<ul class=\"wp-container-1 wp-block-social-links has-large-icon-size is-style-pill-shape\"><li class=\"wp-social-link wp-social-link-linkedin wp-block-social-link\"><a href=\"http:\/\/www.linkedin.com\/in\/inter-orman-\u00fcr\u00fcnleri-9562a5146\/\" aria-label=\"http:\/www.linkedin.com\/in\/inter-orman-\u00fcr\u00fcnleri-9562a5146\/\"  class=\"wp-block-social-link-anchor\"> <svg width=\"24\" height=\"24\" viewbox=\"0 0 24 24\" version=\"1.1\" xmlns=\"http:\/\/www.w3.org\/2000\/svg\" role=\"img\" aria-hidden=\"true\" focusable=\"false\"><path d=\"M19.7,3H4.3C3.582,3,3,3.582,3,4.3v15.4C3,20.418,3.582,21,4.3,21h15.4c0.718,0,1.3-0.582,1.3-1.3V4.3 C21,3.582,20.418,3,19.7,3z M8.339,18.338H5.667v-8.59h2.672V18.338z M7.004,8.574c-0.857,0-1.549-0.694-1.549-1.548 c0-0.855,0.691-1.548,1.549-1.548c0.854,0,1.547,0.694,1.547,1.548C8.551,7.881,7.858,8.574,7.004,8.574z M18.339,18.338h-2.669 v-4.177c0-0.996-0.017-2.278-1.387-2.278c-1.389,0-1.601,1.086-1.601,2.206v4.249h-2.667v-8.59h2.559v1.174h0.037 c0.356-0.675,1.227-1.387,2.526-1.387c2.703,0,3.203,1.779,3.203,4.092V18.338z\"><\/path><\/svg><\/a><\/li><\/ul>\n\n\n\n<hr class=\"wp-block-separator\"\/>\n\n\n<div class=\"aligncenter wp-block-site-logo\"><a href=\"http:\/\/www.interorman.com.tr\/en\/\" class=\"custom-logo-link\" rel=\"home\"><img loading=\"lazy\" width=\"271\" height=\"60\" src=\"http:\/\/www.interorman.com.tr\/wp-content\/uploads\/2022\/03\/cropped-cropped-8.png\" class=\"custom-logo\" alt=\"\u0130nter Orman &Uuml;r&uuml;nleri\" srcset=\"http:\/\/www.interorman.com.tr\/wp-content\/uploads\/2022\/03\/cropped-cropped-8.png 500w, http:\/\/www.interorman.com.tr\/wp-content\/uploads\/2022\/03\/cropped-cropped-8-300x67.png 300w\" sizes=\"(max-width: 271px) 100vw, 271px\" \/><\/a><\/div>\n\n\n<hr class=\"wp-block-separator\"\/>\n\n\n\n<p class=\"has-text-align-center\" style=\"font-size:14px\"><strong>\u0130nter Orman<\/strong> e-posta adreslerine <strong>CV<\/strong> g\u00f6nderilmesi durumunda <strong>&#8220;6698 say\u0131l\u0131 Ki\u015fisel Verilerin Korunmas\u0131 Kanunu&#8221;<\/strong> gere\u011fi imha edilecektir.<\/p>\n<\/div>\n<\/div>\n<\/div>\n<\/div>\n\n\n\n<iframe src=\"https:\/\/www.google.com\/maps\/embed?pb=!1m18!1m12!1m3!1d3015.859032537098!2d29.358475315618037!3d40.8969070342192!2m3!1f0!2f0!3f0!3m2!1i1024!2i768!4f13.1!3m3!1m2!1s0x14cad9afed444293%3A0x6760db9a29b32715!2zxLBudGVyIE9ybWFuIMOccsO8bmxlcmk!5e0!3m2!1str!2str!4v1646266140500!5m2!1str!2str\" width=\"1600\" height=\"600\" style=\"border:0;\" allowfullscreen=\"\" loading=\"lazy\"><\/iframe>","protected":false},"excerpt":{"rendered":"<p>Adres Orhanl\u0131 Mahallesi, \u0130rfan Caddesi No:14 Tuzla, \u0130stanbul, TR Telefon +90 216 394 51 02 (Pbx) Fax +90 216 394 51 07 E-Posta info@interorman.com.tr sales@interorman.com.tr \u0130nter Orman e-posta adreslerine CV g\u00f6nderilmesi durumunda &#8220;6698 say\u0131l\u0131 Ki\u015fisel Verilerin Korunmas\u0131 Kanunu&#8221; gere\u011fi imha edilecektir.<\/p>","protected":false},"author":1,"featured_media":124,"parent":0,"menu_order":4,"comment_status":"closed","ping_status":"closed","template":"page-templates\/template-fullwidth.php","meta":[],"_links":{"self":[{"href":"http:\/\/www.interorman.com.tr\/en\/wp-json\/wp\/v2\/pages\/68"}],"collection":[{"href":"http:\/\/www.interorman.com.tr\/en\/wp-json\/wp\/v2\/pages"}],"about":[{"href":"http:\/\/www.interorman.com.tr\/en\/wp-json\/wp\/v2\/types\/page"}],"author":[{"embeddable":true,"href":"http:\/\/www.interorman.com.tr\/en\/wp-json\/wp\/v2\/users\/1"}],"replies":[{"embeddable":true,"href":"http:\/\/www.interorman.com.tr\/en\/wp-json\/wp\/v2\/comments?post=68"}],"version-history":[{"count":30,"href":"http:\/\/www.interorman.com.tr\/en\/wp-json\/wp\/v2\/pages\/68\/revisions"}],"predecessor-version":[{"id":1066,"href":"http:\/\/www.interorman.com.tr\/en\/wp-json\/wp\/v2\/pages\/68\/revisions\/1066"}],"wp:featuredmedia":[{"embeddable":true,"href":"http:\/\/www.interorman.com.tr\/en\/wp-json\/wp\/v2\/media\/124"}],"wp:attachment":[{"href":"http:\/\/www.interorman.com.tr\/en\/wp-json\/wp\/v2\/media?parent=68"}],"curies":[{"name":"wp","href":"https:\/\/api.w.org\/{rel}","templated":true}]}}